{"id":121,"date":"2024-08-14T21:29:42","date_gmt":"2024-08-14T19:29:42","guid":{"rendered":"http:\/\/wordpress2335199.home.pl\/autoinstalator\/wordpresspluslscache1\/?page_id=121"},"modified":"2025-03-11T08:03:11","modified_gmt":"2025-03-11T07:03:11","slug":"rodo-ochrona-danych","status":"publish","type":"page","link":"https:\/\/oschr-warszawa.pl\/?page_id=121","title":{"rendered":"RODO &#8211; OCHRONA DANYCH"},"content":{"rendered":"<p style=\"text-align: center;\"><strong>OKR\u0118GOWA STACJA CHEMICZNO &#8211; ROLNICZA\u00a0 W WARSZAWIE<\/strong><\/p>\n<p style=\"text-align: center;\"><strong><u>K L A U Z U L A\u00a0\u00a0 I N F O R M A C Y J N A<\/u><\/strong><\/p>\n<p style=\"text-align: center;\">Zgodnie z ustaw\u0105 o ochronie danych osobowych oraz rozporz\u0105dzenia Parlamentu Europejskiego i Rady (UE) nr 2016\/679 z dnia 27 kwietnia 2016 r w sprawie ochrony os\u00f3b fizycznych i w sprawie swobodnego przep\u0142ywu takich danych oraz uchylenia dyrektywy 95\/46\/WE (dalej: \u201eRODO\u201d) informujemy \u017ce:<\/p>\n<ol>\n<li>administratorem Pani\/Pana danych osobowych jest Okr\u0119gowa Stacja Chemiczno-Rolnicza w Warszawie z siedzib\u0105 przy ul. \u017b\u00f3\u0142kiewskiego 17,05-075 Warszawa, adres-mail: <a href=\"mailto:warszawa@schr.gov.pl\">warszawa@schr.gov.pl<\/a>, \u00a0 (22) 773 53 21.<\/li>\n<li>w sprawach zwi\u0105zanych z ochron\u0105 danych osobowych mo\u017cna kontaktowa\u0107 si\u0119 z Inspektorem Ochrony Danych pod adresem e-mail: <a href=\"mailto:iod.warszawa@schr.gov.pl\">warszawa@schr.gov.pl<\/a> lub telefonicznie: (22) 773 53 21.<\/li>\n<li>Pani\/Pana dane osobowe przetwarzane b\u0119d\u0105 w celu:<\/li>\n<\/ol>\n<ul>\n<li>wykonywania zawartej z Pani\u0105\/Panem umowy-zlecenia wykonania bada\u0144;<\/li>\n<li>wype\u0142niania obowi\u0105zku prawnego ci\u0105\u017c\u0105cego na Administratorze, w zwi\u0105zku z realizowaniem zada\u0144 i ustawowych obowi\u0105zk\u00f3w Okr\u0119gowej Stacji Chemiczno-Rolniczej w Warszawie<\/li>\n<\/ul>\n<ol start=\"4\">\n<li>odbiorcami Pani\/Pana danych osobowych b\u0119d\u0105:<\/li>\n<\/ol>\n<ul>\n<li>upowa\u017cnieni pracownicy Okr\u0119gowej Stacji Chemiczno-Rolniczej w Warszawie,<\/li>\n<li>inne podmioty upowa\u017cnione do odbioru Pani\/Pana danych osobowych na podstawie przepis\u00f3w prawa (organy pa\u0144stwowe, w tym: organy administracji rz\u0105dowej, organy kontroli, organy \u015bcigania, s\u0105dy powszechne i administracyjne),<\/li>\n<li>inne podmioty, kt\u00f3re przetwarzaj\u0105 Pani\/Pana dane osobowe w imieniu Administratora na podstawie zawartej umowy powierzenia przetwarzania danych osobowych.<\/li>\n<\/ul>\n<ol start=\"5\">\n<li>Pani\/Pana dane osobowe przechowywane b\u0119d\u0105 przez okres 5 lat.<\/li>\n<li>zwi\u0105zku z przetwarzaniem przez Administratora danych osobowych przys\u0142uguje Pani\/Panu:<\/li>\n<\/ol>\n<ul>\n<li>prawo dost\u0119pu do swoich danych oraz otrzymania ich kopii,<\/li>\n<li>prawo do sprostowania swoich danych,<\/li>\n<li>prawo do usuni\u0119cia danych osobowych,<\/li>\n<li>prawo do cofni\u0119cia zgody na przetwarzanie danych osobowych,<\/li>\n<li>prawo wniesienia sprzeciwu wobec przetwarzania danych,<\/li>\n<\/ul>\n<ol start=\"7\">\n<li>w przypadku w\u0105tpliwo\u015bci co do prawid\u0142owo\u015bci przetwarzania Pani\/Pan ma prawo wniesienia skargi do organu nadzorczego &#8211; Prezesa Urz\u0119du Ochrony Danych Osobowych.<\/li>\n<\/ol>\n<p>&nbsp;<\/p>\n","protected":false},"excerpt":{"rendered":"<p>OKR\u0118GOWA STACJA CHEMICZNO &#8211; ROLNICZA\u00a0 W WARSZAWIE K L A U Z U L A\u00a0\u00a0 I N F O R M A C Y J N A Zgodnie z ustaw\u0105 o ochronie danych osobowych oraz rozporz\u0105dzenia Parlamentu Europejskiego i Rady (UE) nr 2016\/679 z dnia 27 kwietnia 2016 r w sprawie ochrony os\u00f3b fizycznych i [&hellip;]<\/p>\n","protected":false},"author":1,"featured_media":0,"parent":0,"menu_order":0,"comment_status":"closed","ping_status":"closed","template":"","meta":{"footnotes":""},"class_list":["post-121","page","type-page","status-publish","hentry"],"blocksy_meta":[],"_links":{"self":[{"href":"https:\/\/oschr-warszawa.pl\/index.php?rest_route=\/wp\/v2\/pages\/121","targetHints":{"allow":["GET"]}}],"collection":[{"href":"https:\/\/oschr-warszawa.pl\/index.php?rest_route=\/wp\/v2\/pages"}],"about":[{"href":"https:\/\/oschr-warszawa.pl\/index.php?rest_route=\/wp\/v2\/types\/page"}],"author":[{"embeddable":true,"href":"https:\/\/oschr-warszawa.pl\/index.php?rest_route=\/wp\/v2\/users\/1"}],"replies":[{"embeddable":true,"href":"https:\/\/oschr-warszawa.pl\/index.php?rest_route=%2Fwp%2Fv2%2Fcomments&post=121"}],"version-history":[{"count":3,"href":"https:\/\/oschr-warszawa.pl\/index.php?rest_route=\/wp\/v2\/pages\/121\/revisions"}],"predecessor-version":[{"id":265,"href":"https:\/\/oschr-warszawa.pl\/index.php?rest_route=\/wp\/v2\/pages\/121\/revisions\/265"}],"wp:attachment":[{"href":"https:\/\/oschr-warszawa.pl\/index.php?rest_route=%2Fwp%2Fv2%2Fmedia&parent=121"}],"curies":[{"name":"wp","href":"https:\/\/api.w.org\/{rel}","templated":true}]}}