{"id":130,"date":"2024-08-16T11:51:26","date_gmt":"2024-08-16T09:51:26","guid":{"rendered":"http:\/\/oschr-warszawa.pl\/?page_id=130"},"modified":"2024-10-16T08:11:00","modified_gmt":"2024-10-16T06:11:00","slug":"oferta-badan","status":"publish","type":"page","link":"https:\/\/oschr-warszawa.pl\/?page_id=130","title":{"rendered":"OFERTA BADA\u0143"},"content":{"rendered":"<table style=\"height: 603px;\" width=\"1270\">\n<tbody>\n<tr>\n<td width=\"307\">\n<p><strong>DZIA\u0141 LABORATORYJNY<\/strong><\/p>\n<p><strong>oferuje badania akredytowane:<\/strong><\/p>\n<p><strong>\u00bb\u00a0 gleb mineralnych i organicznych,<\/strong><\/p>\n<p><strong>\u00bb\u00a0 gleb, pod\u0142o\u017cy, po\u017cywek i w\u00f3d do produkcji ogrodniczej,<\/strong><\/p>\n<p><strong>\u00bb\u00a0 ro\u015blin i pasz,<\/strong><\/p>\n<p><strong>\u00bb\u00a0 nawoz\u00f3w i \u015brodk\u00f3w wspomagaj\u0105cych upraw\u0119 ro\u015blin,<\/strong><\/p>\n<p><strong>\u00bb\u00a0 osad\u00f3w \u015bciekowych,<\/strong><\/p>\n<p><strong>\u00bb\u00a0 gleb i ro\u015blin za zawarto\u015b\u0107 metali ci\u0119\u017ckich,<\/strong><\/p>\n<p><strong>\u00bb\u00a0 w\u00f3d na zawarto\u015b\u0107 azotan\u00f3w i ortofosforan\u00f3w <\/strong><strong>oraz<\/strong><\/p>\n<p><strong>\u00bb\u00a0 pobieranie pr\u00f3bek glebowych<\/strong><\/p>\n<p><strong>zgodnie z zakresem akredytacji <a href=\"https:\/\/www.pca.gov.pl\/akredytowane-podmioty\/akredytacje-aktywne\/laboratoria-badawcze\/AB%20312,plik.html\">Nr AB 312.<\/a><\/strong><\/p>\n<p><strong>\u00a0\u00a0\u00a0 \u00a0<a href=\"https:\/\/oschr-warszawa.pl\/wp-content\/uploads\/2024\/10\/Certyfikat-AB-312.pdf\" target=\"_blank\" rel=\"noopener\">CERTYFIKAT\u00a0AKREDYTACJI<\/a>\u00a0<\/strong><\/p>\n<p><strong>\u00a0\u00a0\u00a0\u00a0 <a href=\"https:\/\/oschr-warszawa.pl\/wp-content\/uploads\/2024\/10\/Polityka-jakosci-OSChR.pdf\" target=\"_blank\" rel=\"noopener\">POLITYKA JAKO\u015aCI DL<\/a><\/strong><\/p>\n<\/td>\n<td width=\"307\">\n<p><strong>DZIA\u0141 AGROCHEMICZNEJ OBS\u0141UGI ROLNICTWA<\/strong><\/p>\n<p><strong>\u00a0<\/strong><strong>Opracowuje:<\/strong><\/p>\n<p><strong>\u00bb\u00a0 zalecenia nawozowe dla upraw rolniczych i ogrodniczych,<\/strong><\/p>\n<p><strong>\u00bb\u00a0 mapy odczynu i zasobno\u015bci gleb w sk\u0142adniki pokarmowe,<\/strong><\/p>\n<p><strong>\u00bb\u00a0 plany nawo\u017cenia<\/strong><\/p>\n<p><strong>Prowadzi:<\/strong><\/p>\n<p><strong>\u00bb\u00a0 poradnictwo nawozowe,<\/strong><\/p>\n<p><strong>\u00bb\u00a0 szkolenia w zakresie nawo\u017cenia i wapnowania gleb,<\/strong><\/p>\n<p><strong>\u00bb\u00a0 dzia\u0142ania na rzecz ochrony \u015brodowiska i zdrowej \u017cywno\u015bci,<\/strong><\/p>\n<p><strong>\u00bb\u00a0 pobieranie pr\u00f3bek gleb, ro\u015blin i nawoz\u00f3w<\/strong><\/p>\n<p><strong>Opiniuje:<\/strong><\/p>\n<p><strong>\u00bb\u00a0 plany nawo\u017cenia<\/strong><\/p>\n<\/td>\n<\/tr>\n<\/tbody>\n<\/table>\n\n\n<figure class=\"wp-block-image size-full is-resized\"><img loading=\"lazy\" decoding=\"async\" width=\"256\" height=\"161\" src=\"https:\/\/oschr-warszawa.pl\/wp-content\/uploads\/2024\/10\/pca2.jpg\" alt=\"\" class=\"wp-image-191\" style=\"width:253px;height:auto\"\/><\/figure>\n\n\n\n<p><\/p>\n","protected":false},"excerpt":{"rendered":"<p>DZIA\u0141 LABORATORYJNY oferuje badania akredytowane: \u00bb\u00a0 gleb mineralnych i organicznych, \u00bb\u00a0 gleb, pod\u0142o\u017cy, po\u017cywek i w\u00f3d do produkcji ogrodniczej, \u00bb\u00a0 ro\u015blin i pasz, \u00bb\u00a0 nawoz\u00f3w i \u015brodk\u00f3w wspomagaj\u0105cych upraw\u0119 ro\u015blin, \u00bb\u00a0 osad\u00f3w \u015bciekowych, \u00bb\u00a0 gleb i ro\u015blin za zawarto\u015b\u0107 metali ci\u0119\u017ckich, \u00bb\u00a0 w\u00f3d na zawarto\u015b\u0107 azotan\u00f3w i ortofosforan\u00f3w oraz \u00bb\u00a0 pobieranie pr\u00f3bek glebowych zgodnie z [&hellip;]<\/p>\n","protected":false},"author":1,"featured_media":0,"parent":0,"menu_order":0,"comment_status":"closed","ping_status":"closed","template":"","meta":{"footnotes":""},"class_list":["post-130","page","type-page","status-publish","hentry"],"blocksy_meta":[],"_links":{"self":[{"href":"https:\/\/oschr-warszawa.pl\/index.php?rest_route=\/wp\/v2\/pages\/130","targetHints":{"allow":["GET"]}}],"collection":[{"href":"https:\/\/oschr-warszawa.pl\/index.php?rest_route=\/wp\/v2\/pages"}],"about":[{"href":"https:\/\/oschr-warszawa.pl\/index.php?rest_route=\/wp\/v2\/types\/page"}],"author":[{"embeddable":true,"href":"https:\/\/oschr-warszawa.pl\/index.php?rest_route=\/wp\/v2\/users\/1"}],"replies":[{"embeddable":true,"href":"https:\/\/oschr-warszawa.pl\/index.php?rest_route=%2Fwp%2Fv2%2Fcomments&post=130"}],"version-history":[{"count":3,"href":"https:\/\/oschr-warszawa.pl\/index.php?rest_route=\/wp\/v2\/pages\/130\/revisions"}],"predecessor-version":[{"id":197,"href":"https:\/\/oschr-warszawa.pl\/index.php?rest_route=\/wp\/v2\/pages\/130\/revisions\/197"}],"wp:attachment":[{"href":"https:\/\/oschr-warszawa.pl\/index.php?rest_route=%2Fwp%2Fv2%2Fmedia&parent=130"}],"curies":[{"name":"wp","href":"https:\/\/api.w.org\/{rel}","templated":true}]}}