{"id":15,"date":"2024-08-14T06:33:07","date_gmt":"2024-08-14T04:33:07","guid":{"rendered":"http:\/\/wordpress2335199.home.pl\/autoinstalator\/wordpresspluslscache1\/?page_id=15"},"modified":"2025-12-11T06:24:35","modified_gmt":"2025-12-11T05:24:35","slug":"ogloszenia","status":"publish","type":"page","link":"https:\/\/oschr-warszawa.pl\/?page_id=15","title":{"rendered":"OG\u0141OSZENIA"},"content":{"rendered":"\n<p><\/p>\n\n\n<p>&nbsp;<\/p>\n<p><a href=\"https:\/\/oschr-warszawa.pl\/wp-content\/uploads\/2025\/12\/ogloszenie-2026.pdf\" target=\"_blank\" rel=\"noopener\"><strong>OGLOSZENIE w sprawie dni pracuj\u0105cych oraz wolnych od pracy<\/strong><\/a><br \/><a href=\"https:\/\/oschr-warszawa.pl\/wp-content\/uploads\/2025\/12\/ogloszenie-2026.pdf\" target=\"_blank\" rel=\"noopener\"><strong>w Okr\u0119gowej Stacji Chemiczno-Rolniczej w Warszawie 2026r.<\/strong><\/a><\/p>\n<p><a href=\"https:\/\/oschr-warszawa.pl\/wp-content\/uploads\/2025\/11\/praca1.pdf\" target=\"_blank\" rel=\"noopener\"><strong>Og\u0142oszenie w sprawie pracy w OSChR w Warszawie<\/strong><\/a><\/p>\n<p>&nbsp;<\/p>\n\n\n<p><\/p>\n","protected":false},"excerpt":{"rendered":"<p>&nbsp; OGLOSZENIE w sprawie dni pracuj\u0105cych oraz wolnych od pracyw Okr\u0119gowej Stacji Chemiczno-Rolniczej w Warszawie 2026r. Og\u0142oszenie w sprawie pracy w OSChR w Warszawie &nbsp;<\/p>\n","protected":false},"author":1,"featured_media":0,"parent":13,"menu_order":0,"comment_status":"closed","ping_status":"closed","template":"","meta":{"footnotes":""},"class_list":["post-15","page","type-page","status-publish","hentry"],"blocksy_meta":[],"_links":{"self":[{"href":"https:\/\/oschr-warszawa.pl\/index.php?rest_route=\/wp\/v2\/pages\/15","targetHints":{"allow":["GET"]}}],"collection":[{"href":"https:\/\/oschr-warszawa.pl\/index.php?rest_route=\/wp\/v2\/pages"}],"about":[{"href":"https:\/\/oschr-warszawa.pl\/index.php?rest_route=\/wp\/v2\/types\/page"}],"author":[{"embeddable":true,"href":"https:\/\/oschr-warszawa.pl\/index.php?rest_route=\/wp\/v2\/users\/1"}],"replies":[{"embeddable":true,"href":"https:\/\/oschr-warszawa.pl\/index.php?rest_route=%2Fwp%2Fv2%2Fcomments&post=15"}],"version-history":[{"count":19,"href":"https:\/\/oschr-warszawa.pl\/index.php?rest_route=\/wp\/v2\/pages\/15\/revisions"}],"predecessor-version":[{"id":364,"href":"https:\/\/oschr-warszawa.pl\/index.php?rest_route=\/wp\/v2\/pages\/15\/revisions\/364"}],"up":[{"embeddable":true,"href":"https:\/\/oschr-warszawa.pl\/index.php?rest_route=\/wp\/v2\/pages\/13"}],"wp:attachment":[{"href":"https:\/\/oschr-warszawa.pl\/index.php?rest_route=%2Fwp%2Fv2%2Fmedia&parent=15"}],"curies":[{"name":"wp","href":"https:\/\/api.w.org\/{rel}","templated":true}]}}