{"id":375,"date":"2026-03-05T09:41:16","date_gmt":"2026-03-05T08:41:16","guid":{"rendered":"https:\/\/oschr-warszawa.pl\/?page_id=375"},"modified":"2026-03-05T09:57:46","modified_gmt":"2026-03-05T08:57:46","slug":"druki-i-formularze-2","status":"publish","type":"page","link":"https:\/\/oschr-warszawa.pl\/?page_id=375","title":{"rendered":"Druki i Formularze"},"content":{"rendered":"<p>&nbsp;<\/p>\n<p style=\"text-align: center;\">\u00a0<\/p>\n<p style=\"text-align: center;\"><a href=\"https:\/\/oschr-warszawa.pl\/wp-content\/uploads\/2024\/11\/Zlecenie-opracowania-planu-nawozenia.pdf\" target=\"_blank\" rel=\"noopener\"><strong>zlecenie opracowania planu nawo\u017cenia<\/strong><\/a><\/p>\n<p style=\"text-align: center;\"><a href=\"https:\/\/oschr-warszawa.pl\/wp-content\/uploads\/2024\/10\/zalacznik-do-zlecenia-opis-probki.xls\" target=\"_blank\" rel=\"noopener\"><strong>za\u0142\u0105cznik do zlecenia \u2013 opis pr\u00f3bki<\/strong><\/a><\/p>\n<p style=\"text-align: center;\">\u00a0<\/p>\n<p style=\"text-align: center;\"><a href=\"https:\/\/oschr-warszawa.pl\/wp-content\/uploads\/2024\/10\/karta-informacyjna-uprawy-sadownicze.pdf\" target=\"_blank\" rel=\"noopener\"><strong>karta informacyjna uprawy sadownicze<\/strong><\/a><\/p>\n<p style=\"text-align: center;\"><strong><a href=\"https:\/\/oschr-warszawa.pl\/wp-content\/uploads\/2024\/10\/karta-informacyjna-uprawy-ogrodnicze.pdf\" target=\"_blank\" rel=\"noopener\">karta informacyjna uprawy ogrodnicze<\/a><\/strong><\/p>\n<p style=\"text-align: center;\">\u00a0<\/p>\n<p>&nbsp;<\/p>\n\n\n<p><\/p>\n","protected":false},"excerpt":{"rendered":"<p>&nbsp; \u00a0 zlecenie opracowania planu nawo\u017cenia za\u0142\u0105cznik do zlecenia \u2013 opis pr\u00f3bki \u00a0 karta informacyjna uprawy sadownicze karta informacyjna uprawy ogrodnicze \u00a0 &nbsp;<\/p>\n","protected":false},"author":1,"featured_media":0,"parent":0,"menu_order":0,"comment_status":"closed","ping_status":"closed","template":"","meta":{"footnotes":""},"class_list":["post-375","page","type-page","status-publish","hentry"],"blocksy_meta":[],"_links":{"self":[{"href":"https:\/\/oschr-warszawa.pl\/index.php?rest_route=\/wp\/v2\/pages\/375","targetHints":{"allow":["GET"]}}],"collection":[{"href":"https:\/\/oschr-warszawa.pl\/index.php?rest_route=\/wp\/v2\/pages"}],"about":[{"href":"https:\/\/oschr-warszawa.pl\/index.php?rest_route=\/wp\/v2\/types\/page"}],"author":[{"embeddable":true,"href":"https:\/\/oschr-warszawa.pl\/index.php?rest_route=\/wp\/v2\/users\/1"}],"replies":[{"embeddable":true,"href":"https:\/\/oschr-warszawa.pl\/index.php?rest_route=%2Fwp%2Fv2%2Fcomments&post=375"}],"version-history":[{"count":2,"href":"https:\/\/oschr-warszawa.pl\/index.php?rest_route=\/wp\/v2\/pages\/375\/revisions"}],"predecessor-version":[{"id":379,"href":"https:\/\/oschr-warszawa.pl\/index.php?rest_route=\/wp\/v2\/pages\/375\/revisions\/379"}],"wp:attachment":[{"href":"https:\/\/oschr-warszawa.pl\/index.php?rest_route=%2Fwp%2Fv2%2Fmedia&parent=375"}],"curies":[{"name":"wp","href":"https:\/\/api.w.org\/{rel}","templated":true}]}}