{"id":6,"date":"2024-08-14T06:30:55","date_gmt":"2024-08-14T04:30:55","guid":{"rendered":"http:\/\/wordpress2335199.home.pl\/autoinstalator\/wordpresspluslscache1\/?page_id=6"},"modified":"2026-01-20T12:20:44","modified_gmt":"2026-01-20T11:20:44","slug":"kontakt","status":"publish","type":"page","link":"https:\/\/oschr-warszawa.pl\/?page_id=6","title":{"rendered":"KONTAKT"},"content":{"rendered":"\n<p><\/p>\n\n\n<h4 style=\"text-align: center;\"><strong> Ze wzgl\u0119du na du\u017ce zainteresowanie naszymi us\u0142ugami, prosimy o kontakt mailowy <a href=\"mailto:bok.warszawa@schr.gov.pl\">bok.warszawa@schr.gov.pl<\/a> .<\/strong><\/h4>\n<p style=\"text-align: center;\"><strong>Zesp\u00f3\u0142 do Obs\u0142ugi Klienta<\/strong><br \/>tel.\/fax (22) 773 58 87<br \/><a href=\"mailto:bok.warszawa@schr.gov.pl\">bok.warszawa@schr.gov.pl<\/a><\/p>\n<p style=\"text-align: center;\"><strong>Dyrektor \u2013 mgr in\u017c. Urszula Detyniecka<\/strong><br \/>tel. (22) 773 53 21<br \/><a href=\"mailto:udetyniecka@schr.gov.pl\">udetyniecka@schr.gov.pl<\/a><\/p>\n<p style=\"text-align: center;\"><strong>G\u0142\u00f3wny Ksi\u0119gowy \u2013 mgr Beata Katarzyna\u00a0Szylberg<\/strong><br \/>tel. (22) 773 53 21 wew. 23,\u00a0 600 026 795<br \/><a href=\"mailto:mwoznica@schr.gov.pl\">bszylberg@schr.gov.pl<\/a><\/p>\n<p style=\"text-align: center;\"><strong>Kierownik Dzia\u0142u Agrochemicznej Obs\u0142ugi Rolnictwa<\/strong><br \/><strong>\u2013 mgr in\u017c. Katarzyna Kujko<\/strong><br \/>tel. (22) 773 53 21,\u00a0 697 690 167<br \/><a href=\"mailto:kkujko@schr.gov.pl\">kkujko@schr.gov.pl<\/a><\/p>\n<p style=\"text-align: center;\"><strong>Kierownik Dzia\u0142u Laboratoryjnego \u2013 mgr Magdalena Tomaszewska<\/strong><br \/>tel. (22) 773 53 21 wew. 35,\u00a0 607 575 481<br \/><a href=\"mailto:magdalena.tomaszewska@schr.gov.pl\">magdalena.tomaszewska@schr.gov.pl<\/a><\/p>\n<p style=\"text-align: center;\"><strong>Sekretariat:<\/strong> tel.\/fax (22) 773 53 21<br \/><a href=\"mailto:warszawa@schr.gov.pl\">warszawa@schr.gov.pl<\/a><\/p>\n<p style=\"text-align: center;\"><strong>Adres e -dor\u0119cze\u0144<\/strong>\u00a0 \u00a0<strong>:<\/strong>\u00a0\u00a0AE:PL-55086-36874-REIUA-29<\/p>\n<p style=\"text-align: center;\"><strong>Pracownicy terenowi<\/strong><\/p>\n<p style=\"text-align: center;\">kontakt w zak\u0142adce \u201e<a href=\"https:\/\/oschr-warszawa.pl\/?page_id=9\">Rejon dzia\u0142ania<\/a>\u201d<\/p>\n\n\n<iframe src=\"https:\/\/www.google.com\/maps\/embed?pb=!1m18!1m12!1m3!1d22579.578449240653!2d21.233665838706045!3d52.24462748538563!2m3!1f0!2f0!3f0!3m2!1i1024!2i768!4f13.1!3m3!1m2!1s0x471ed15b245f38a3%3A0x7ea7757ce08d8d80!2sOkr%C4%99gowa%20Stacja%20Chemiczno%20-%20Rolnicza!5e0!3m2!1spl!2spl!4v1723800459902!5m2!1spl!2spl\" width=\"600\" height=\"450\" style=\"border:0;\" allowfullscreen=\"\" loading=\"lazy\" referrerpolicy=\"no-referrer-when-downgrade\"><\/iframe>\n","protected":false},"excerpt":{"rendered":"<p>Ze wzgl\u0119du na du\u017ce zainteresowanie naszymi us\u0142ugami, prosimy o kontakt mailowy bok.warszawa@schr.gov.pl . Zesp\u00f3\u0142 do Obs\u0142ugi Klientatel.\/fax (22) 773 58 87bok.warszawa@schr.gov.pl Dyrektor \u2013 mgr in\u017c. Urszula Detynieckatel. (22) 773 53 21udetyniecka@schr.gov.pl G\u0142\u00f3wny Ksi\u0119gowy \u2013 mgr Beata Katarzyna\u00a0Szylbergtel. (22) 773 53 21 wew. 23,\u00a0 600 026 795bszylberg@schr.gov.pl Kierownik Dzia\u0142u Agrochemicznej Obs\u0142ugi Rolnictwa\u2013 mgr in\u017c. Katarzyna Kujkotel. [&hellip;]<\/p>\n","protected":false},"author":1,"featured_media":0,"parent":0,"menu_order":0,"comment_status":"closed","ping_status":"closed","template":"","meta":{"footnotes":""},"class_list":["post-6","page","type-page","status-publish","hentry"],"blocksy_meta":[],"_links":{"self":[{"href":"https:\/\/oschr-warszawa.pl\/index.php?rest_route=\/wp\/v2\/pages\/6","targetHints":{"allow":["GET"]}}],"collection":[{"href":"https:\/\/oschr-warszawa.pl\/index.php?rest_route=\/wp\/v2\/pages"}],"about":[{"href":"https:\/\/oschr-warszawa.pl\/index.php?rest_route=\/wp\/v2\/types\/page"}],"author":[{"embeddable":true,"href":"https:\/\/oschr-warszawa.pl\/index.php?rest_route=\/wp\/v2\/users\/1"}],"replies":[{"embeddable":true,"href":"https:\/\/oschr-warszawa.pl\/index.php?rest_route=%2Fwp%2Fv2%2Fcomments&post=6"}],"version-history":[{"count":10,"href":"https:\/\/oschr-warszawa.pl\/index.php?rest_route=\/wp\/v2\/pages\/6\/revisions"}],"predecessor-version":[{"id":373,"href":"https:\/\/oschr-warszawa.pl\/index.php?rest_route=\/wp\/v2\/pages\/6\/revisions\/373"}],"wp:attachment":[{"href":"https:\/\/oschr-warszawa.pl\/index.php?rest_route=%2Fwp%2Fv2%2Fmedia&parent=6"}],"curies":[{"name":"wp","href":"https:\/\/api.w.org\/{rel}","templated":true}]}}