{"id":69,"date":"2024-08-14T15:26:07","date_gmt":"2024-08-14T13:26:07","guid":{"rendered":"http:\/\/wordpress2335199.home.pl\/autoinstalator\/wordpresspluslscache1\/?page_id=69"},"modified":"2025-04-14T21:54:42","modified_gmt":"2025-04-14T19:54:42","slug":"o-nas","status":"publish","type":"page","link":"https:\/\/oschr-warszawa.pl\/?page_id=69","title":{"rendered":"O NAS"},"content":{"rendered":"<p style=\"text-align: center;\"><strong>STAN PRAWNY<\/strong><\/p>\n<p>Okr\u0119gowa Stacja Chemiczno-Rolnicza w Warszawie dzia\u0142a na podstawie:<\/p>\n<ul>\n<li><strong>Ustawy o nawozach i nawo\u017ceniu z dnia 10 lipca 2007r.<\/strong> (Dz.U. 2007, nr 147, poz. 1033) z p\u00f3\u017a. zm.<\/li>\n<li><strong>Rozporz\u0105dzenie Ministra Rolnictwa i Rozwoju wsi z dnia 9 sierpnia 2024r w sprawie wykonywania niekt\u00f3rych przepis\u00f3w ustawy o nawozach i nawo\u017ceniu<\/strong> (Dz.U. z 2024 r. poz.1261)<u><br \/>\n<\/u><\/li>\n<li>\u00a0<strong>Zarz\u0105dzenia Nr 17 Ministra Rolnictwa i Rozwoju Wsi z dnia 30.04.2004r. w sprawie utworzenia Krajowej Stacji Chemiczno-Rolniczej i okr\u0119gowych stacji chemiczno-rolniczych<\/strong> (Dziennik Urz\u0119dowy MRiRW Nr 12 z dnia 30 kwietnia 2004r.)<\/li>\n<li>\u00a0<strong>Zarz\u0105dzenia Nr 68 Ministra Rolnictwa i Rozwoju Wsi z dnia 20.10.2020r. w sprawie nadania statutu Krajowej Stacji Chemiczno-Rolniczej i okr\u0119gowych stacji chemiczno-rolniczych<\/strong> (Dziennik Urz\u0119dowy MRiRW 2020 poz. 83 z dnia 23 pa\u017adziernika 2020r.)<\/li>\n<\/ul>\n<p>Okr\u0119gowa Stacja Chemiczno-Rolnicza w Warszawie jest pa\u0144stwow\u0105 jednostk\u0105 bud\u017cetow\u0105 podleg\u0142\u0105 Krajowej Stacji Chemiczno-Rolniczej w Warszawie www.schr.gov.pl<\/p>\n<p>G\u0142\u00f3wnym zadaniem Stacji jest <strong>agrochemiczna obs\u0142uga rolnictwa.<\/strong><\/p>\n<p>Wykonywane w szerokim zakresie badania gleb stanowi\u0105 podstaw\u0119 ustalenia w\u0142a\u015bciwego poziomu nawo\u017cenia upraw rolniczych i ogrodniczych.<\/p>\n<p>Stacja utrzymuje <strong>sta\u0142y kontakt z producentami rolnymi<\/strong> poprzez dzia\u0142aj\u0105cych bezpo\u015brednio w rejonach specjalist\u00f3w terenowych, kt\u00f3rzy organizuj\u0105 pobieranie pr\u00f3bek i s\u0142u\u017c\u0105 doradztwem w zakresie wykorzystania wynik\u00f3w bada\u0144.<\/p>\n<p><strong>Terytorialny zasi\u0119g dzia\u0142ania Stacji<\/strong> okre\u015blony zosta\u0142 w Zarz\u0105dzeniu Nr 17 Ministra Rolnictwa i Rozwoju Wsi z dnia 30.04.2004r. w sprawie utworzenia Krajowej Stacji Chemiczno-Rolniczej i okr\u0119gowych stacji chemiczno-rolniczych (Dziennik Urz\u0119dowy MRiRW Nr 12 z dnia 30 kwietnia 2004r.).<\/p>\n<p style=\"text-align: center;\"><strong>RYS HISTORYCZNY<\/strong><\/p>\n<p>Pocz\u0105tki dzia\u0142alno\u015bci Okr\u0119gowej Stacji Chemiczno-Rolniczej w Warszawie datuj\u0105 si\u0119 od 1946 roku.<\/p>\n<p>W kolejnych latach dzia\u0142alno\u015bci Stacji zmienia\u0142o si\u0119 wielokrotnie jej podporz\u0105dkowanie (Instytut Uprawy Nawo\u017cenia i Gleboznawstwa w Pu\u0142awach, Prezydium Wojew\u00f3dzkiej Rady Narodowej, Ministerstwo Rolnictwa i Gospodarki \u017bywno\u015bciowej), ale zawsze podstawowym kierunkiem dzia\u0142ania by\u0142o us\u0142ugowe wykonywanie bada\u0144 gleb, materia\u0142u ro\u015blinnego, pasz i nawoz\u00f3w dla potrzeb produkcji rolnej.<\/p>\n<p>Prowadzona przez ponad 60 lat dzia\u0142alno\u015b\u0107 us\u0142ugowa w zakresie bada\u0144 wykonywanych dla potrzeb rolnictwa pozwoli\u0142a na osi\u0105gni\u0119cie wysokiej specjalizacji analitycznej w tej dziedzinie.<\/p>\n<p>Laboratorium uczestniczy\u0142o w wielu istotnych dla rolnictwa ca\u0142ego kraju badaniach, mi\u0119dzy innymi:<br \/>\n\u2022 Badania monitoringowe jako\u015bci gleb, ro\u015blin, produkt\u00f3w rolnych i spo\u017cywczych,<br \/>\n\u2022 Badania dotycz\u0105ce oceny zanieczyszczenia \u015brodowiska rolniczego ska\u017ceniami chemicznymi,<br \/>\n\u2022 Badania na rzecz produkcji nieska\u017conej \u017cywno\u015bci (zawarto\u015b\u0107 azotan\u00f3w i metali ci\u0119\u017ckich w p\u0142odach rolnych)<br \/>\n\u2022 Badania monitoringowe zawarto\u015bci azotu mineralnego w glebie dla potrzeb nawozowych i oceny zanieczyszczenia \u015brodowiska.<\/p>\n","protected":false},"excerpt":{"rendered":"<p>STAN PRAWNY Okr\u0119gowa Stacja Chemiczno-Rolnicza w Warszawie dzia\u0142a na podstawie: Ustawy o nawozach i nawo\u017ceniu z dnia 10 lipca 2007r. (Dz.U. 2007, nr 147, poz. 1033) z p\u00f3\u017a. zm. Rozporz\u0105dzenie Ministra Rolnictwa i Rozwoju wsi z dnia 9 sierpnia 2024r w sprawie wykonywania niekt\u00f3rych przepis\u00f3w ustawy o nawozach i nawo\u017ceniu (Dz.U. z 2024 r. poz.1261) [&hellip;]<\/p>\n","protected":false},"author":1,"featured_media":0,"parent":0,"menu_order":0,"comment_status":"closed","ping_status":"closed","template":"","meta":{"footnotes":""},"class_list":["post-69","page","type-page","status-publish","hentry"],"blocksy_meta":[],"_links":{"self":[{"href":"https:\/\/oschr-warszawa.pl\/index.php?rest_route=\/wp\/v2\/pages\/69","targetHints":{"allow":["GET"]}}],"collection":[{"href":"https:\/\/oschr-warszawa.pl\/index.php?rest_route=\/wp\/v2\/pages"}],"about":[{"href":"https:\/\/oschr-warszawa.pl\/index.php?rest_route=\/wp\/v2\/types\/page"}],"author":[{"embeddable":true,"href":"https:\/\/oschr-warszawa.pl\/index.php?rest_route=\/wp\/v2\/users\/1"}],"replies":[{"embeddable":true,"href":"https:\/\/oschr-warszawa.pl\/index.php?rest_route=%2Fwp%2Fv2%2Fcomments&post=69"}],"version-history":[{"count":5,"href":"https:\/\/oschr-warszawa.pl\/index.php?rest_route=\/wp\/v2\/pages\/69\/revisions"}],"predecessor-version":[{"id":288,"href":"https:\/\/oschr-warszawa.pl\/index.php?rest_route=\/wp\/v2\/pages\/69\/revisions\/288"}],"wp:attachment":[{"href":"https:\/\/oschr-warszawa.pl\/index.php?rest_route=%2Fwp%2Fv2%2Fmedia&parent=69"}],"curies":[{"name":"wp","href":"https:\/\/api.w.org\/{rel}","templated":true}]}}