{"id":76,"date":"2024-08-14T15:29:28","date_gmt":"2024-08-14T13:29:28","guid":{"rendered":"http:\/\/wordpress2335199.home.pl\/autoinstalator\/wordpresspluslscache1\/?page_id=76"},"modified":"2025-12-04T20:41:49","modified_gmt":"2025-12-04T19:41:49","slug":"instrukcje-pobierania-probek","status":"publish","type":"page","link":"https:\/\/oschr-warszawa.pl\/?page_id=76","title":{"rendered":"INSTRUKCJE POBIERANIA PR\u00d3BEK"},"content":{"rendered":"<p><a href=\"https:\/\/oschr-warszawa.pl\/wp-content\/uploads\/2024\/12\/inst.pobierania-probek-podlozy.pdf\" target=\"_blank\" rel=\"noopener\"><strong>inst.pobierania pr\u00f3bek pod\u0142o\u017cy<\/strong><\/a><\/p>\n<p><strong><a href=\"https:\/\/oschr-warszawa.pl\/wp-content\/uploads\/2024\/12\/inst.pobierania-probek-gleb.pdf\" target=\"_blank\" rel=\"noopener\">inst.pobierania pr\u00f3bek gleb<\/a><\/strong><\/p>\n<p><a href=\"https:\/\/oschr-warszawa.pl\/wp-content\/uploads\/2024\/12\/inst.pobierania-probek-gleb-uprawy-sadownicze.pdf\" target=\"_blank\" rel=\"noopener\"><strong>inst.pobierania pr\u00f3bek gleb uprawy sadownicze<\/strong><\/a><\/p>\n<p><a href=\"https:\/\/oschr-warszawa.pl\/wp-content\/uploads\/2024\/12\/inst.pobierania-probek-gleb-uprawy-sadownicze.pdf\" target=\"_blank\" rel=\"noopener\"><strong>inst.pobierania pr\u00f3bek gleb badanie Nmin<\/strong><\/a><\/p>\n<p><a href=\"https:\/\/oschr-warszawa.pl\/wp-content\/uploads\/2024\/12\/inst.pobierania-obornika-kompostu.pdf\" target=\"_blank\" rel=\"noopener\"><strong>inst.pobierania obornika, kompostu<\/strong><\/a><\/p>\n<p><a href=\"https:\/\/oschr-warszawa.pl\/wp-content\/uploads\/2024\/12\/inst.pobierania-materialu-roslinnego.pdf\" target=\"_blank\" rel=\"noopener\"><strong>inst.pobierania materia\u0142u ro\u015blinnego<\/strong><\/a><\/p>\n<p><a href=\"https:\/\/oschr-warszawa.pl\/wp-content\/uploads\/2024\/12\/inst.pobierania-gnojowicy.pdf\" target=\"_blank\" rel=\"noopener\"><strong>inst.pobierania gnojowicy<\/strong><\/a><\/p>\n<p><a href=\"https:\/\/oschr-warszawa.pl\/wp-content\/uploads\/2025\/12\/MX-M266N_20251204_100253.pdf\" target=\"_blank\" rel=\"noopener\"><strong><span style=\"color: #ff0000;\">Kryteria przydatno\u015bci pr\u00f3bek do bada\u0144<\/span><\/strong><\/a><\/p>\n\n\n<p><\/p>\n\n\n\n<p><\/p>\n\n\n\n<p><\/p>\n\n\n\n<p><\/p>\n","protected":false},"excerpt":{"rendered":"<p>inst.pobierania pr\u00f3bek pod\u0142o\u017cy inst.pobierania pr\u00f3bek gleb inst.pobierania pr\u00f3bek gleb uprawy sadownicze inst.pobierania pr\u00f3bek gleb badanie Nmin inst.pobierania obornika, kompostu inst.pobierania materia\u0142u ro\u015blinnego inst.pobierania gnojowicy Kryteria przydatno\u015bci pr\u00f3bek do bada\u0144<\/p>\n","protected":false},"author":1,"featured_media":0,"parent":0,"menu_order":0,"comment_status":"closed","ping_status":"closed","template":"","meta":{"footnotes":""},"class_list":["post-76","page","type-page","status-publish","hentry"],"blocksy_meta":[],"_links":{"self":[{"href":"https:\/\/oschr-warszawa.pl\/index.php?rest_route=\/wp\/v2\/pages\/76","targetHints":{"allow":["GET"]}}],"collection":[{"href":"https:\/\/oschr-warszawa.pl\/index.php?rest_route=\/wp\/v2\/pages"}],"about":[{"href":"https:\/\/oschr-warszawa.pl\/index.php?rest_route=\/wp\/v2\/types\/page"}],"author":[{"embeddable":true,"href":"https:\/\/oschr-warszawa.pl\/index.php?rest_route=\/wp\/v2\/users\/1"}],"replies":[{"embeddable":true,"href":"https:\/\/oschr-warszawa.pl\/index.php?rest_route=%2Fwp%2Fv2%2Fcomments&post=76"}],"version-history":[{"count":5,"href":"https:\/\/oschr-warszawa.pl\/index.php?rest_route=\/wp\/v2\/pages\/76\/revisions"}],"predecessor-version":[{"id":360,"href":"https:\/\/oschr-warszawa.pl\/index.php?rest_route=\/wp\/v2\/pages\/76\/revisions\/360"}],"wp:attachment":[{"href":"https:\/\/oschr-warszawa.pl\/index.php?rest_route=%2Fwp%2Fv2%2Fmedia&parent=76"}],"curies":[{"name":"wp","href":"https:\/\/api.w.org\/{rel}","templated":true}]}}