{"id":89,"date":"2024-08-14T15:32:20","date_gmt":"2024-08-14T13:32:20","guid":{"rendered":"http:\/\/wordpress2335199.home.pl\/autoinstalator\/wordpresspluslscache1\/?page_id=89"},"modified":"2026-01-04T16:32:21","modified_gmt":"2026-01-04T15:32:21","slug":"oferta-uslug-cennik","status":"publish","type":"page","link":"https:\/\/oschr-warszawa.pl\/?page_id=89","title":{"rendered":"OFERTA US\u0141UG, CENNIK"},"content":{"rendered":"<p><strong>PODSTAWY PRAWNE POBIERANIA OP\u0141AT<\/strong><\/p>\n<p><strong>Op\u0142aty za zadania wykonywane przez Okr\u0119gow\u0105 Stacj\u0119 Chemiczno \u2013 Rolnicz\u0105 w Warszawie reguluje:<\/strong><\/p>\n<p><strong>1)\u00a0\u00a0\u00a0\u00a0 Rozporz\u0105dzenie Ministra Rolnictwa i Rozwoju Wsi z dnia 22 grudnia 2025r. w sprawie wysoko\u015bci i sposobu uiszczania op\u0142at za zadania wykonywane przez okr\u0119gowe stacje chemiczno-rolnicze <a href=\"https:\/\/isap.sejm.gov.pl\/isap.nsf\/download.xsp\/WDU20250001866\/O\/D20251866.pdf\" target=\"_blank\" rel=\"noopener\">(Dz.U. 2025 poz. 1866)<\/a>\u00a0<\/strong><\/p>\n<p><b>\u00a0<\/b><\/p>\n<p><strong>2)\u00a0\u00a0\u00a0\u00a0 Rozporz\u0105dzenie Ministra Rolnictwa i Rozwoju Wsi z dnia 3 grudnia 2007r. w sprawie wysoko\u015bci op\u0142aty za wydanie opinii o planie nawo\u017cenia oraz sposobu jej uiszczania <a href=\"http:\/\/isap.sejm.gov.pl\/Download?id=WDU20072331716&amp;type=2\" target=\"_blank\" rel=\"noopener\">(Dz.U. 2007, Nr 233 poz. 1716)<\/a>\u00a0 oraz rozporz\u0105dzenie zmieniaj\u0105ce z dnia 8 sierpnia 2014 <a href=\"http:\/\/isap.sejm.gov.pl\/Download?id=WDU20140001131&amp;type=2\">(Dz.u. 2014 poz. 1131)<\/a><\/strong><\/p>\n<p><strong><i>Uwaga !<\/i><\/strong><\/p>\n<p><strong><i>Z dniem 19 czerwca 2012 roku, decyzj\u0105 Izby Skarbowej w Warszawie z dnia 31 maja 2012r. Stacja zobowi\u0105zana jest do naliczania i pobierania podatku VAT w wysoko\u015bci 23% od op\u0142at okre\u015blonych w Rozporz\u0105dzeniu Ministra Rolnictwa i Rozwoju Wsi z dnia 30 stycznia 2008r. w sprawie wysoko\u015bci i sposobu uiszczania op\u0142at za zadania wykonywane przez okr\u0119gowe stacje chemiczno-rolnicze (Dz.U. Nr 29, poz. 174 z p\u00f3\u017an. zm.)<\/i><\/strong><i><\/i><\/p>\n<p><b>\u00a0<\/b><\/p>\n<p><strong>\u00a0\u00a0<\/strong><\/p>\n<p><b>\u00a0<\/b><strong>Op\u0142at\u0119 nale\u017cy ui\u015bci\u0107 w got\u00f3wce w kasie Stacji lub przelewem na rachunek bankowy Okr\u0119gowej Stacji Chemiczno-Rolniczej w Warszawie:\u00a0\u00a0 <\/strong><\/p>\n<p><strong>\u00a0NBP O\/O Warszawa nr konta 44 1010 1010 0023 1022 3100 0000<\/strong><\/p>\n<p>&nbsp;<\/p>\n<p><strong>\u00a0<\/strong><\/p>\n<h4 align=\"center\"><span style=\"color: #ff0000;\">W celu ustalenia wysoko\u015bci op\u0142at oraz innych zakres\u00f3w bada\u0144 prosimy o kontakt:<\/span><\/h4>\n<h5 align=\"center\"><strong>Zesp\u00f3\u0142 do Obs\u0142ugi Klienta<\/strong><\/h5>\n<h5 align=\"center\"><strong>tel.\/fax (22) 773 58 87\u00a0 <\/strong><\/h5>\n<h5 align=\"center\"><strong>607 575 495<\/strong><\/h5>\n<h5 align=\"center\"><a href=\"mailto:bok.warszawa@schr.gov.pl\">bok.warszawa@schr.gov.pl<\/a><\/h5>\n","protected":false},"excerpt":{"rendered":"<p>PODSTAWY PRAWNE POBIERANIA OP\u0141AT Op\u0142aty za zadania wykonywane przez Okr\u0119gow\u0105 Stacj\u0119 Chemiczno \u2013 Rolnicz\u0105 w Warszawie reguluje: 1)\u00a0\u00a0\u00a0\u00a0 Rozporz\u0105dzenie Ministra Rolnictwa i Rozwoju Wsi z dnia 22 grudnia 2025r. w sprawie wysoko\u015bci i sposobu uiszczania op\u0142at za zadania wykonywane przez okr\u0119gowe stacje chemiczno-rolnicze (Dz.U. 2025 poz. 1866)\u00a0 \u00a0 2)\u00a0\u00a0\u00a0\u00a0 Rozporz\u0105dzenie Ministra Rolnictwa i Rozwoju Wsi [&hellip;]<\/p>\n","protected":false},"author":1,"featured_media":0,"parent":0,"menu_order":0,"comment_status":"closed","ping_status":"closed","template":"","meta":{"footnotes":""},"class_list":["post-89","page","type-page","status-publish","hentry"],"blocksy_meta":[],"_links":{"self":[{"href":"https:\/\/oschr-warszawa.pl\/index.php?rest_route=\/wp\/v2\/pages\/89","targetHints":{"allow":["GET"]}}],"collection":[{"href":"https:\/\/oschr-warszawa.pl\/index.php?rest_route=\/wp\/v2\/pages"}],"about":[{"href":"https:\/\/oschr-warszawa.pl\/index.php?rest_route=\/wp\/v2\/types\/page"}],"author":[{"embeddable":true,"href":"https:\/\/oschr-warszawa.pl\/index.php?rest_route=\/wp\/v2\/users\/1"}],"replies":[{"embeddable":true,"href":"https:\/\/oschr-warszawa.pl\/index.php?rest_route=%2Fwp%2Fv2%2Fcomments&post=89"}],"version-history":[{"count":10,"href":"https:\/\/oschr-warszawa.pl\/index.php?rest_route=\/wp\/v2\/pages\/89\/revisions"}],"predecessor-version":[{"id":371,"href":"https:\/\/oschr-warszawa.pl\/index.php?rest_route=\/wp\/v2\/pages\/89\/revisions\/371"}],"wp:attachment":[{"href":"https:\/\/oschr-warszawa.pl\/index.php?rest_route=%2Fwp%2Fv2%2Fmedia&parent=89"}],"curies":[{"name":"wp","href":"https:\/\/api.w.org\/{rel}","templated":true}]}}